{"id":6,"date":"2018-10-18T16:13:45","date_gmt":"2018-10-18T16:13:45","guid":{"rendered":"https:\/\/lonaspublicidad.com\/?page_id=6"},"modified":"2018-10-26T06:11:10","modified_gmt":"2018-10-26T06:11:10","slug":"one-page-express","status":"publish","type":"page","link":"https:\/\/lonaspublicidad.com\/","title":{"rendered":"Impresi\u00f3n de lonas publicitarias | Precios sin competencia"},"content":{"rendered":"<div class=\"sektion-wrapper\" data-sek-level=\"location\" data-sek-id=\"before_content\">\r\n<div class=\"sek-empty-location-placeholder\"><\/div>\r\n<\/div>\r\n<div class=\"sek-wp-content-wrapper\" data-sek-wp-post-id=\"6\" data-sek-wp-edit-link=\"https:\/\/lonaspublicidad.com\/wp-admin\/post.php?post=6&amp;action=edit\" title=\"WordPress content\">\r\n<div class=\"sektion-wrapper\" data-sek-level=\"location\" data-sek-id=\"before_content\">\r\n<div class=\"sek-empty-location-placeholder\"><\/div>\r\n<\/div>\r\n<div class=\"sek-wp-content-wrapper\" data-sek-wp-post-id=\"6\" data-sek-wp-edit-link=\"https:\/\/lonaspublicidad.com\/wp-admin\/post.php?post=6&amp;action=edit\" title=\"WordPress content\">\r\n<div data-label=\"Overlapable\" data-id=\"stripped-coloured-icon-boxes-1\" data-category=\"overlapable\" class=\"features-coloured-icon-boxes-section stripped-coloured-icon-boxes-1\" data-overlap=\"true\" id=\"overlapable-1\" style=\"background-color: #ffffff;\">\r\n<div class=\"gridContainer\">\r\n<div class=\"features-coloured-icon-boxes-innerrow flexbox-list dark-text\" data-type=\"row\">\r\n<div class=\"features-coloured-icon-boxes-featurecol cp3cols\">\r\n<div class=\"features-coloured-icon-boxes-iconcontainer\" data-content-item-container=\"true\"><i class=\"features-coloured-icon fa fa-certificate\" data-cp-fa=\"true\"><\/i><\/div>\r\n<h4 class=\"\">PUBLICIDAD EXTERIOR<\/h4>\r\n<p class=\"\">Promociona tu empresa impactando a miles de personas.\r\nConsigue m\u00e1s visibilidad que la competencia.\r\nDejar\u00e1s huella en la memoria de tus potenciales clientes.<\/p>\r\n<p class=\"\"><a class=\"features-coloured-button\" href=\"https:\/\/incografimagen.com\/project\/publicidad-exterior\" target=\"_self\">LEE M\u00c1S<\/a><\/p>\r\n\r\n<\/div>\r\n<div class=\"features-coloured-icon-boxes-featurecol cp3cols\">\r\n<div class=\"features-coloured-icon-boxes-iconcontainer\" data-content-item-container=\"true\"><i class=\"features-coloured-icon fa fa-eye\" data-cp-fa=\"true\"><\/i><\/div>\r\n<h4 class=\"\">CARTELER\u00cdA<\/h4>\r\n<p class=\"\">Producci\u00f3n y montaje de carteles para negocios y eventos publicitarios.\r\nPerfectos para todo tipo de comercios y ferias promocionales.\r\nIdeales para publicidad Interior y Exterior: Ultra-Resistentes.\r\nTe ayudamos a transmitir tu mensaje 24 horas al d\u00eda.<\/p>\r\n<p class=\"\"><a class=\"features-coloured-button\" href=\"https:\/\/incografimagen.com\/project\/carteleria-publicitaria\" target=\"_self\">LEE M\u00c1S<\/a><\/p>\r\n\r\n<\/div>\r\n<div class=\"features-coloured-icon-boxes-featurecol cp3cols\">\r\n<div class=\"features-coloured-icon-boxes-iconcontainer\" data-content-item-container=\"true\"><i class=\"features-coloured-icon fa fa-image\" data-cp-fa=\"true\"><\/i><\/div>\r\n<h4 class=\"\">R\u00d3TULOS<\/h4>\r\n<p class=\"\">Especialistas en la producci\u00f3n e instalaci\u00f3n de r\u00f3tulos.\r\nM\u00e1xima visibilidad para tu negocio.\r\nTe asesoramos en todo el proceso, desde el dise\u00f1o hasta su instalaci\u00f3n.<\/p>\r\n<p class=\"\"><a class=\"features-coloured-button\" href=\"https:\/\/incografimagen.com\/project\/rotulos-publicitarios\" target=\"_self\">LEE M\u00c1S<\/a><\/p>\r\n\r\n<\/div>\r\n<div class=\"features-coloured-icon-boxes-featurecol cp3cols\">\r\n<div class=\"features-coloured-icon-boxes-iconcontainer\" data-content-item-container=\"true\"><i class=\"features-coloured-icon fa fa-map\" data-cp-fa=\"true\"><\/i><\/div>\r\n<h4 class=\"\">DISPLAYS PUBLICITARIOS<\/h4>\r\n<p class=\"\">Consigue el impacto visual que buscas.\r\nLos displays son la soluci\u00f3n perfecta para hacer publicidad en el lugar de venta (PLV).\r\nNo solo los usan negocios de todo tipo, sino que tambi\u00e9n son un producto id\u00f3neo en la promoci\u00f3n de eventos y ferias.<\/p>\r\n<p class=\"\"><a class=\"features-coloured-button\" href=\"https:\/\/incografimagen.com\/project\/displays\" target=\"_self\">LEE M\u00c1S<\/a><\/p>\r\n\r\n<\/div>\r\n<\/div>\r\n<\/div>\r\n<\/div>\r\n<div class=\"sek-wp-content-wrapper\" data-sek-wp-post-id=\"6\" data-sek-wp-edit-link=\"https:\/\/lonaspublicidad.com\/wp-admin\/post.php?post=6&amp;action=edit\" title=\"WordPress content\">\r\n<div class=\"sek-wp-content-wrapper\" data-sek-wp-post-id=\"6\" data-sek-wp-edit-link=\"https:\/\/lonaspublicidad.com\/wp-admin\/post.php?post=6&amp;action=edit\" title=\"WordPress content\">\r\n<div class=\"sek-wp-content-wrapper\" data-sek-wp-post-id=\"6\" data-sek-wp-edit-link=\"https:\/\/lonaspublicidad.com\/wp-admin\/post.php?post=6&amp;action=edit\" title=\"WordPress content\">\r\n<div class=\"sek-wp-content-wrapper\" data-sek-wp-post-id=\"6\" data-sek-wp-edit-link=\"https:\/\/lonaspublicidad.com\/wp-admin\/post.php?post=6&amp;action=edit\" title=\"WordPress content\">\r\n<div class=\"sek-wp-content-wrapper\" data-sek-wp-post-id=\"6\" data-sek-wp-edit-link=\"https:\/\/lonaspublicidad.com\/wp-admin\/post.php?post=6&amp;action=edit\" title=\"WordPress content\">\r\n<div class=\"sek-wp-content-wrapper\" data-sek-wp-post-id=\"6\" data-sek-wp-edit-link=\"https:\/\/lonaspublicidad.com\/wp-admin\/post.php?post=6&amp;action=edit\" title=\"WordPress content\">\r\n<div class=\"sek-wp-content-wrapper\" data-sek-wp-post-id=\"6\" data-sek-wp-edit-link=\"https:\/\/lonaspublicidad.com\/wp-admin\/post.php?post=6&amp;action=edit\" title=\"WordPress content\">\r\n<div class=\"sek-wp-content-wrapper\" data-sek-wp-post-id=\"6\" data-sek-wp-edit-link=\"https:\/\/lonaspublicidad.com\/wp-admin\/post.php?post=6&amp;action=edit\" title=\"WordPress content\">\r\n<div class=\"sek-wp-content-wrapper\" data-sek-wp-post-id=\"6\" data-sek-wp-edit-link=\"https:\/\/lonaspublicidad.com\/wp-admin\/post.php?post=6&amp;action=edit\" title=\"WordPress content\">\r\n<div class=\"sek-wp-content-wrapper\" data-sek-wp-post-id=\"6\" data-sek-wp-edit-link=\"https:\/\/lonaspublicidad.com\/wp-admin\/post.php?post=6&amp;action=edit\" title=\"WordPress content\">\r\n<div class=\"sek-wp-content-wrapper\" data-sek-wp-post-id=\"6\" data-sek-wp-edit-link=\"https:\/\/lonaspublicidad.com\/wp-admin\/post.php?post=6&amp;action=edit\" title=\"WordPress content\">\r\n<div class=\"sek-wp-content-wrapper\" data-sek-wp-post-id=\"6\" data-sek-wp-edit-link=\"https:\/\/lonaspublicidad.com\/wp-admin\/post.php?post=6&amp;action=edit\" title=\"WordPress content\">\r\n<div class=\"sek-wp-content-wrapper\" data-sek-wp-post-id=\"6\" data-sek-wp-edit-link=\"https:\/\/lonaspublicidad.com\/wp-admin\/post.php?post=6&amp;action=edit\" title=\"WordPress content\">\r\n<div class=\"sek-wp-content-wrapper\" data-sek-wp-post-id=\"6\" data-sek-wp-edit-link=\"https:\/\/lonaspublicidad.com\/wp-admin\/post.php?post=6&amp;action=edit\" title=\"WordPress content\">\r\n<div class=\"sek-wp-content-wrapper\" data-sek-wp-post-id=\"6\" data-sek-wp-edit-link=\"https:\/\/lonaspublicidad.com\/wp-admin\/post.php?post=6&amp;action=edit\" title=\"WordPress content\">\r\n<div class=\"sek-wp-content-wrapper\" data-sek-wp-post-id=\"6\" data-sek-wp-edit-link=\"https:\/\/lonaspublicidad.com\/wp-admin\/post.php?post=6&amp;action=edit\" title=\"WordPress content\">\r\n<div id=\"about-1\" style=\"background-color: #f6f6f6;\" data-label=\"About\" data-id=\"about-big-images-section\" data-category=\"about\" class=\"about-big-images-section\">\r\n<div class=\"gridContainer\">\r\n<div class=\"about-big-images-textrow\">\r\n<div class=\"about-big-images-textcol dynamic-color\" data-type=\"column\">\r\n<h5 class=\"\">SERVICIO INTEGRAL<\/h5>\r\n<h3 class=\"\">Impresi\u00f3n y montaje de publicidad en gran formato<\/h3>\r\n<p class=\"\">En Incograf te ofrecemos un servicio integral para desarrollar la decoraci\u00f3n de tus eventos publicitarios. Nuestra experiencia nos avala en la impresi\u00f3n y montaje de publicidad para interiores y exteriores: Lonas publicitarias para fachadas y eventos, carteler\u00eda, r\u00f3tulos, displays publicitarios.<\/p>\r\n<p class=\"\"><a class=\"button blue big\" href=\"https:\/\/incografimagen.com\">AQU\u00cd COMIENZA TU PROYECTO<\/a><\/p>\r\n\r\n<\/div>\r\n<\/div>\r\n<\/div>\r\n<div class=\"about-big-images-bottomrow\">\r\n<div class=\"about-big-images-leftimgcol\"><img class=\"about-big-images-leftimg\" src=\"https:\/\/lonaspublicidad.com\/wp-content\/plugins\/one-page-express-companion\/theme-data\/one-page-express\/sections\/images\/nordwood-themes-180852.jpg\" \/><\/div>\r\n<div class=\"about-big-images-centerimgcol\"><img class=\"about-big-images-centerimg\" src=\"https:\/\/lonaspublicidad.com\/wp-content\/plugins\/one-page-express-companion\/theme-data\/one-page-express\/sections\/images\/ir5likvfqc4-william-iven-1920x1275.jpg\" \/><\/div>\r\n<div class=\"about-big-images-rightimgcol\"><img class=\"about-big-images-rightimg\" src=\"https:\/\/lonaspublicidad.com\/wp-content\/plugins\/one-page-express-companion\/theme-data\/one-page-express\/sections\/images\/project1.jpg\" \/><\/div>\r\n<\/div>\r\n<\/div>\r\n<div id=\"content-3\" style=\"background-color: #ffffff;\" data-label=\"Content\" data-id=\"content-image-left\" data-category=\"content\" class=\"content-left-image-section\">\r\n<div class=\"gridContainer\">\r\n<div class=\"row\">\r\n<div class=\"content-left-image-imgcol\" data-type=\"column\"><img src=\"https:\/\/lonaspublicidad.com\/wp-content\/plugins\/one-page-express-companion\/theme-data\/one-page-express\/sections\/images\/project1.jpg\" class=\"\" \/><\/div>\r\n<div class=\"content-left-image-textcol dynamic-color\" data-type=\"column\">\r\n<h3 class=\"\"><strong>Solicita tu presupuesto<\/strong><\/h3>\r\n<p class=\"large_text\">Te asesoramos gratis para que escojas la mejor soluci\u00f3n para ti\r\nSoluciones personalizadas por nuestros especialistas\r\n&amp;\r\nPresupuesto en 24h<\/p>\r\n<p class=\"\"><a class=\"button blue\" href=\"https:\/\/incografimagen.com\/contacto\">CONTACTA AHORA\u00a0<\/a><\/p>\r\n\r\n<\/div>\r\n<\/div>\r\n<\/div>\r\n<\/div>\r\n<div id=\"content-4\" style=\"background-color: #f6f6f6;\" data-label=\"Content\" data-id=\"content-image-right\" data-category=\"content\" class=\"content-right-image-section\">\r\n<div class=\"gridContainer\">\r\n<div class=\"content-right-image-gridcol\">\r\n<div class=\"content-right-image-textcol dynamic-color\" data-type=\"column\" style=\"text-align: center;\">\r\n<p style=\"text-align: right;\" class=\"\">Somos proveedores integrales de muchas agencias de publicidad.\r\n\u00bfQuieres que tu pr\u00f3ximo evento sea un \u00e9xito y resulte f\u00e1cil?<\/p>\r\n<p style=\"text-align: right;\" class=\"\">Asistencia integral para tu evento, congreso o feria.<\/p>\r\n<p style=\"text-align: right;\" class=\"\"><a class=\"button blue\" href=\"https:\/\/incografimagen.com\/contacto\">NUESTROS ESPECIALISTAS TE ASESORAN<\/a><\/p>\r\n\r\n<\/div>\r\n<div class=\"content-right-image-imgcol\" data-type=\"column\"><img loading=\"lazy\" src=\"https:\/\/lonaspublicidad.com\/wp-content\/uploads\/2018\/10\/IMG_1243-300x225.jpg\" alt=\"\" width=\"300\" height=\"225\" class=\"alignnone size-medium wp-image-68\" srcset=\"https:\/\/lonaspublicidad.com\/wp-content\/uploads\/2018\/10\/IMG_1243-300x225.jpg 300w, https:\/\/lonaspublicidad.com\/wp-content\/uploads\/2018\/10\/IMG_1243-768x576.jpg 768w, https:\/\/lonaspublicidad.com\/wp-content\/uploads\/2018\/10\/IMG_1243-1024x768.jpg 1024w, https:\/\/lonaspublicidad.com\/wp-content\/uploads\/2018\/10\/IMG_1243-1440x1080.jpg 1440w, https:\/\/lonaspublicidad.com\/wp-content\/uploads\/2018\/10\/IMG_1243.jpg 1600w\" sizes=\"(max-width: 300px) 100vw, 300px\" \/><\/div>\r\n<\/div>\r\n<\/div>\r\n<\/div>\r\n<div id=\"portfolio-2\" style=\"background-color: #ffffff;\" data-label=\"Portfolio\" data-id=\"portfolio-full-section\" data-category=\"portfolio\">\r\n<div class=\"portfolio-full-section\" data-type=\"row\">\r\n<div class=\"portfolio-full-projectco cp4cols cp4cols-tablet\">\r\n<div class=\"contentswap-effect ContentSwap103\" hover-fx=\"ContentSwap103\" id=\"ContentSwap103\">\r\n<div class=\"ContentSwap103_content initial-image\"><img class=\"portfolio-full-projectimg\" data-size=\"1200x800\" src=\"https:\/\/lonaspublicidad.com\/wp-content\/uploads\/2018\/10\/cropped-lona-goodman.jpg\" \/><\/div>\r\n<div class=\"overlay\" style=\"display: block; opacity: 1;\"><\/div>\r\n<div class=\"swap-inner\" style=\"opacity: 1; display: block;\">\r\n<div class=\"ContentSwap103-center\">\r\n<h4 class=\"protfolio-full-itemtitle\">A COOL PROJECT<\/h4>\r\n<a class=\"button yellow\" href=\"#\">Check it out<\/a>\r\n\r\n<\/div>\r\n<\/div>\r\n<\/div>\r\n<\/div>\r\n<div class=\"portfolio-full-projectco cp4cols cp4cols-tablet\">\r\n<div class=\"contentswap-effect ContentSwap103\" hover-fx=\"ContentSwap103\" id=\"ContentSwap103\" is-hovered=\"1\">\r\n<div class=\"ContentSwap103_content initial-image\"><img class=\"portfolio-full-projectimg\" data-size=\"1200x800\" src=\"https:\/\/lonaspublicidad.com\/wp-content\/uploads\/2018\/10\/cropped-1383296441_156623_1383297726_album_grande-1-e1493215011782.jpg\" \/><\/div>\r\n<div class=\"overlay\" style=\"display: block; opacity: 1;\"><\/div>\r\n<div class=\"swap-inner\" style=\"opacity: 1; display: block;\">\r\n<div class=\"ContentSwap103-center\">\r\n<h4 class=\"protfolio-full-itemtitle\">A COOL PROJECT<\/h4>\r\n<a class=\"button yellow\" href=\"#\">CHECK IT OUT<\/a>\r\n\r\n<\/div>\r\n<\/div>\r\n<\/div>\r\n<\/div>\r\n<div class=\"portfolio-full-projectco cp4cols cp4cols-tablet\">\r\n<div class=\"contentswap-effect ContentSwap103\" hover-fx=\"ContentSwap103\" id=\"ContentSwap103\" is-hovered=\"1\">\r\n<div class=\"ContentSwap103_content initial-image\"><img class=\"portfolio-full-projectimg\" data-size=\"1200x800\" src=\"https:\/\/lonaspublicidad.com\/wp-content\/uploads\/2018\/10\/cropped-asus-granvia-2.jpg\" \/><\/div>\r\n<div class=\"overlay\" style=\"display: block; opacity: 1;\"><\/div>\r\n<div class=\"swap-inner\" style=\"opacity: 1; display: block;\">\r\n<div class=\"ContentSwap103-center\">\r\n<h4 class=\"protfolio-full-itemtitle\">A COOL PROJECT<\/h4>\r\n<a class=\"button yellow\" href=\"#\">CHECK IT OUT<\/a>\r\n\r\n<\/div>\r\n<\/div>\r\n<\/div>\r\n<\/div>\r\n<\/div>\r\n<\/div>\r\n<div id=\"testimonials-1\" style=\"background-color: #f6f6f6;\" data-label=\"Testimonials\" data-id=\"testimonials-boxed-section\" data-category=\"testimonials\" class=\"testimonials-boxed-section\">\r\n<div class=\"gridContainer\">\r\n<div class=\"testimonials-boxed-itemsrow dark-text\" data-type=\"row\"><\/div>\r\n<\/div>\r\n<\/div>\r\n<div id=\"numbers\" data-label=\"Numbers\" data-id=\"numbers-section\" data-category=\"numbers\" data-bg=\"transparent\" class=\"numbers-section\" data-parallax-depth=\"20\">\r\n<div class=\"gridContainer dynamic-color\">\r\n<div class=\"numbers-itemcol\">\r\n<h2 class=\"numbers-numbertext\">15230<\/h2>\r\n<h3 class=\"numbers-titletext\">PROYECTOS<\/h3>\r\n<\/div>\r\n<div class=\"numbers-itemcol\">\r\n<h2 class=\"numbers-numbertext\">45340<\/h2>\r\n<h3 class=\"numbers-titletext\">HORAS DE TRABAJO<\/h3>\r\n<\/div>\r\n<div class=\"numbers-itemcol-last\">\r\n<h2 class=\"numbers-numbertext\">25<\/h2>\r\n<h3 class=\"numbers-titletext\">EMPLEADOS<\/h3>\r\n<\/div>\r\n<\/div>\r\n<\/div>\r\n<div id=\"latest-posts\" style=\"background-color: #ffffff;\" data-label=\"Latest posts\" data-id=\"blog-section\" data-category=\"latest_news\" class=\"blog-section\">\r\n<div class=\"gridContainer\">\r\n<div class=\"blog-textrow\">\r\n<div class=\"blog-textcol dynamic-color\" data-type=\"column\">\r\n<h2 class=\"\">\u00daltimas noticias<\/h2>\r\n<p class=\"\">Redacci\u00f3n Interempresas<\/p>\r\n<p class=\"\">La impresi\u00f3n digital de gran formato comenz\u00f3 a despegar durante el auge digital de los a\u00f1os 90. Con las reproducciones fotogr\u00e1ficas creciendo en popularidad, la transici\u00f3n de las c\u00e1maras anal\u00f3gicas a las c\u00e1maras digitales cre\u00f3 tendencia y creci\u00f3 la demanda de impresi\u00f3n digital de gran formato. Esa transici\u00f3n, seg\u00fan explican desde Roland DG Iberia, fue inevitable y, hoy en d\u00eda, todo tipo de marcas \u2014desde peque\u00f1os negocios hasta multinacionales\u2014 emplean la impresi\u00f3n digital de gran formato para todo.<\/p>\r\n\r\n<\/div>\r\n<\/div>\r\n<\/div>\r\n<\/div>\r\n<\/div>\r\n<\/div>\r\n<\/div>\r\n<\/div>\r\n<\/div>\r\n<\/div>\r\n<\/div>\r\n<\/div>\r\n<\/div>\r\n<\/div>\r\n<\/div>\r\n<\/div>\r\n<\/div>\r\n<\/div>\r\n<\/div>\r\n<\/div>\r\n<\/div>\r\n<\/div>","protected":false},"excerpt":{"rendered":"<p>PUBLICIDAD EXTERIOR Promociona tu empresa impactando a miles de personas. Consigue m\u00e1s visibilidad que la competencia. Dejar\u00e1s huella en la memoria de tus potenciales clientes. LEE M\u00c1S CARTELER\u00cdA Producci\u00f3n y montaje de carteles para negocios y eventos publicitarios. Perfectos para todo tipo de comercios y ferias promocionales. Ideales para publicidad Interior y Exterior: Ultra-Resistentes. Te&hellip; <br \/> <a class=\"button small blue\" href=\"https:\/\/lonaspublicidad.com\/?p=1\">Leer m\u00e1s<\/a><\/p>\n","protected":false},"author":2,"featured_media":0,"parent":0,"menu_order":0,"comment_status":"closed","ping_status":"closed","template":"","meta":[],"_links":{"self":[{"href":"https:\/\/lonaspublicidad.com\/index.php?rest_route=\/wp\/v2\/pages\/6"}],"collection":[{"href":"https:\/\/lonaspublicidad.com\/index.php?rest_route=\/wp\/v2\/pages"}],"about":[{"href":"https:\/\/lonaspublicidad.com\/index.php?rest_route=\/wp\/v2\/types\/page"}],"author":[{"embeddable":true,"href":"https:\/\/lonaspublicidad.com\/index.php?rest_route=\/wp\/v2\/users\/2"}],"replies":[{"embeddable":true,"href":"https:\/\/lonaspublicidad.com\/index.php?rest_route=%2Fwp%2Fv2%2Fcomments&post=6"}],"version-history":[{"count":60,"href":"https:\/\/lonaspublicidad.com\/index.php?rest_route=\/wp\/v2\/pages\/6\/revisions"}],"predecessor-version":[{"id":155,"href":"https:\/\/lonaspublicidad.com\/index.php?rest_route=\/wp\/v2\/pages\/6\/revisions\/155"}],"wp:attachment":[{"href":"https:\/\/lonaspublicidad.com\/index.php?rest_route=%2Fwp%2Fv2%2Fmedia&parent=6"}],"curies":[{"name":"wp","href":"https:\/\/api.w.org\/{rel}","templated":true}]}}